{"id":2,"date":"2026-04-17T18:16:52","date_gmt":"2026-04-17T18:16:52","guid":{"rendered":"https:\/\/wamitec.com\/?page_id=2"},"modified":"2026-04-18T11:11:49","modified_gmt":"2026-04-18T11:11:49","slug":"sample-page","status":"publish","type":"page","link":"https:\/\/wamitec.com\/?page_id=2","title":{"rendered":"O nas"},"content":{"rendered":"<div data-colibri-id=\"2-c1\" class=\"style-421 style-local-2-c1 position-relative\">\n  <!---->\n  <div data-colibri-component=\"section\" data-colibri-id=\"2-c2\" id=\"initial-content\" class=\"h-section h-section-global-spacing d-flex align-items-lg-center align-items-md-center align-items-center style-422 style-local-2-c2 position-relative\">\n    <!---->\n    <!---->\n    <div class=\"h-section-grid-container h-section-boxed-container\">\n      <!---->\n      <div data-colibri-id=\"2-c3\" class=\"h-row-container gutters-row-lg-2 gutters-row-md-2 gutters-row-0 gutters-row-v-lg-2 gutters-row-v-md-2 gutters-row-v-2 style-423 style-local-2-c3 position-relative\">\n        <!---->\n        <div class=\"h-row justify-content-lg-center justify-content-md-center justify-content-center align-items-lg-stretch align-items-md-stretch align-items-stretch gutters-col-lg-2 gutters-col-md-2 gutters-col-0 gutters-col-v-lg-2 gutters-col-v-md-2 gutters-col-v-2\">\n          <!---->\n          <div class=\"h-column h-column-container d-flex h-col-lg-auto h-col-md-auto h-col-auto style-424-outer style-local-2-c4-outer\">\n            <div data-colibri-id=\"2-c4\" class=\"d-flex h-flex-basis h-column__inner h-px-lg-2 h-px-md-2 h-px-2 v-inner-lg-2 v-inner-md-2 v-inner-2 style-424 style-local-2-c4 position-relative\">\n              <!---->\n              <!---->\n              <div class=\"w-100 h-y-container h-column__content h-column__v-align flex-basis-100 align-self-lg-center align-self-md-center align-self-center\">\n                <!---->\n                <div data-colibri-id=\"2-c5\" class=\"style-425 style-local-2-c5 position-relative h-element\">\n                  <!---->\n                  <div>\n                    \n                    <p>Witamy w firmie WAMITEC, specjalizujemy si\u0119 w: zarz\u0105dzaniu \u0142a\u0144cuchem dostaw w zakresie obr\u00f3bki skrawaniem; weryfikacji cen dostawc\u00f3w, detali i p\u00f3\u0142fabrykat\u00f3w; doradztwie zarz\u0105dzanie produkcj\u0105, optymalizacji proces\u00f3w, lokalizowaniu i\n                      usuwaniu w\u0105skich garde\u0142; audycie dostawc\u00f3w; wyszukiwaniu dostawc\u00f3w;&nbsp; badaniach rynku pod k\u0105tem potrzeb klienta, wyszukiwaniu partner\u00f3w handlowych.&nbsp;<\/p>\n                    \n\n                    \n                    <h2 class=\"wp-block-heading\">Oferta<\/h2>\n                    \n\n                    \n                    <h3 class=\"wp-block-heading\">\u201eDlaczego my?\u201d<\/h3>\n                    \n\n                    \n                    <ul class=\"wp-block-list\">\n                      \n                      <li>do\u015bwiadczenie w bran\u017cy obr\u00f3bki skrawaniem<\/li>\n                      \n\n                      \n                      <li>znajomo\u015b\u0107 rynku dostawc\u00f3w<\/li>\n                      \n\n                      \n                      <li>podej\u015bcie praktyczne (nie tylko teoria)<\/li>\n                      \n\n                      \n                      <li>realne oszcz\u0119dno\u015bci dla klient\u00f3w<\/li>\n                      \n                    <\/ul>\n                    \n\n                    \n                    <hr class=\"wp-block-separator has-alpha-channel-opacity\">\n                    \n\n                    \n                    <h3 class=\"wp-block-heading\"> \u201eKorzy\u015bci dla klienta\u201d<\/h3>\n                    \n\n                    \n                    <p><\/p>\n                    \n\n                    \n                    <ul class=\"wp-block-list\">\n                      \n                      <li>ni\u017csze koszty zakup\u00f3w<\/li>\n                      \n\n                      \n                      <li>lepsza jako\u015b\u0107 dostaw<\/li>\n                      \n\n                      \n                      <li>stabilna produkcja<\/li>\n                      \n\n                      \n                      <li>kr\u00f3tsze terminy realizacji<\/li>\n                      \n\n                      \n                      <li>mniejsze ryzyko biznesowe<\/li>\n                      \n                    <\/ul>\n                    \n\n                    \n                    <figure class=\"wp-block-image size-large\">\n                      <img loading=\"lazy\" decoding=\"async\" width=\"1024\" height=\"683\" src=\"https:\/\/wamitec.com\/wp-content\/uploads\/2026\/04\/design-01kpfs4ap0-1776500633-1024x683.jpg\" alt=\"\" class=\"wp-image-131\" srcset=\"https:\/\/wamitec.com\/wp-content\/uploads\/2026\/04\/design-01kpfs4ap0-1776500633-1024x683.jpg 1024w, https:\/\/wamitec.com\/wp-content\/uploads\/2026\/04\/design-01kpfs4ap0-1776500633-300x200.jpg 300w, https:\/\/wamitec.com\/wp-content\/uploads\/2026\/04\/design-01kpfs4ap0-1776500633-768x512.jpg 768w, https:\/\/wamitec.com\/wp-content\/uploads\/2026\/04\/design-01kpfs4ap0-1776500633-1536x1024.jpg 1536w, https:\/\/wamitec.com\/wp-content\/uploads\/2026\/04\/design-01kpfs4ap0-1776500633-2048x1365.jpg 2048w\" sizes=\"auto, (max-width: 1024px) 100vw, 1024px\" \/>\n                    <\/figure>\n                    \n                  <\/div>\n                <\/div>\n              <\/div>\n            <\/div>\n          <\/div>\n        <\/div>\n      <\/div>\n    <\/div>\n  <\/div>\n<\/div>","protected":false},"excerpt":{"rendered":"<p>Witamy w firmie WAMITEC, specjalizujemy si\u0119 w: zarz\u0105dzaniu \u0142a\u0144cuchem dostaw w zakresie obr\u00f3bki [&hellip;]<\/p>\n","protected":false},"author":1,"featured_media":0,"parent":0,"menu_order":0,"comment_status":"closed","ping_status":"open","template":"page-templates\/homepage.php","meta":{"footnotes":""},"class_list":["post-2","page","type-page","status-publish","hentry"],"_links":{"self":[{"href":"https:\/\/wamitec.com\/index.php?rest_route=\/wp\/v2\/pages\/2","targetHints":{"allow":["GET"]}}],"collection":[{"href":"https:\/\/wamitec.com\/index.php?rest_route=\/wp\/v2\/pages"}],"about":[{"href":"https:\/\/wamitec.com\/index.php?rest_route=\/wp\/v2\/types\/page"}],"author":[{"embeddable":true,"href":"https:\/\/wamitec.com\/index.php?rest_route=\/wp\/v2\/users\/1"}],"replies":[{"embeddable":true,"href":"https:\/\/wamitec.com\/index.php?rest_route=%2Fwp%2Fv2%2Fcomments&post=2"}],"version-history":[{"count":5,"href":"https:\/\/wamitec.com\/index.php?rest_route=\/wp\/v2\/pages\/2\/revisions"}],"predecessor-version":[{"id":210,"href":"https:\/\/wamitec.com\/index.php?rest_route=\/wp\/v2\/pages\/2\/revisions\/210"}],"wp:attachment":[{"href":"https:\/\/wamitec.com\/index.php?rest_route=%2Fwp%2Fv2%2Fmedia&parent=2"}],"curies":[{"name":"wp","href":"https:\/\/api.w.org\/{rel}","templated":true}]}}