{"id":159,"date":"2026-04-18T10:10:04","date_gmt":"2026-04-18T10:10:04","guid":{"rendered":"https:\/\/wamitec.com\/?page_id=159"},"modified":"2026-04-18T11:09:45","modified_gmt":"2026-04-18T11:09:45","slug":"uslugi","status":"publish","type":"page","link":"https:\/\/wamitec.com\/?page_id=159","title":{"rendered":"Us\u0142ugi"},"content":{"rendered":"<div data-colibri-id=\"159-c1\" class=\"style-413 style-local-159-c1 position-relative\">\n  <!---->\n  <div data-colibri-component=\"section\" data-colibri-id=\"159-c2\" id=\"initial-content\" class=\"h-section h-section-global-spacing d-flex align-items-lg-center align-items-md-center align-items-center style-414 style-local-159-c2 position-relative\">\n    <!---->\n    <!---->\n    <div class=\"h-section-grid-container h-section-boxed-container\">\n      <!---->\n      <div data-colibri-id=\"159-c3\" class=\"h-row-container gutters-row-lg-2 gutters-row-md-2 gutters-row-0 gutters-row-v-lg-2 gutters-row-v-md-2 gutters-row-v-2 style-415 style-local-159-c3 position-relative\">\n        <!---->\n        <div class=\"h-row justify-content-lg-center justify-content-md-center justify-content-center align-items-lg-stretch align-items-md-stretch align-items-stretch gutters-col-lg-2 gutters-col-md-2 gutters-col-0 gutters-col-v-lg-2 gutters-col-v-md-2 gutters-col-v-2\">\n          <!---->\n          <div class=\"h-column h-column-container d-flex h-col-lg-auto h-col-md-auto h-col-auto style-416-outer style-local-159-c4-outer\">\n            <div data-colibri-id=\"159-c4\" class=\"d-flex h-flex-basis h-column__inner h-ui-empty-state-container h-px-lg-2 h-px-md-2 h-px-2 v-inner-lg-2 v-inner-md-2 v-inner-2 style-416 style-local-159-c4 position-relative\">\n              <!---->\n              <!---->\n              <div class=\"w-100 h-y-container h-column__content h-column__v-align flex-basis-auto\">\n                <!---->\n              <\/div>\n            <\/div>\n          <\/div>\n          <div class=\"h-column h-column-container d-flex h-col-lg-auto h-col-md-auto h-col-auto style-418-outer style-local-159-c6-outer\">\n            <div data-colibri-id=\"159-c6\" class=\"d-flex h-flex-basis h-column__inner h-px-lg-2 h-px-md-2 h-px-2 v-inner-lg-2 v-inner-md-2 v-inner-2 style-418 style-local-159-c6 position-relative\">\n              <!---->\n              <!---->\n              <div class=\"w-100 h-y-container h-column__content h-column__v-align flex-basis-100 align-self-lg-start align-self-md-start align-self-start\">\n                <!---->\n                <div data-colibri-id=\"159-c9\" class=\"style-417 style-local-159-c9 position-relative h-element\">\n                  <!---->\n                  <div>\n                    \n                    <h3 class=\"wp-block-heading\">1. <strong>Zarz\u0105dzanie \u0142a\u0144cuchem dostaw (Supply Chain)<\/strong><\/h3>\n                    \n\n                    \n                    <p><\/p>\n                    \n\n                    \n                    <ul class=\"wp-block-list\">\n                      \n                      <li>optymalizacja koszt\u00f3w zakup\u00f3w i logistyki<\/li>\n                      \n\n                      \n                      <li>skracanie czasu realizacji zam\u00f3wie\u0144<\/li>\n                      \n\n                      \n                      <li>poprawa stabilno\u015bci dostaw<\/li>\n                      \n\n                      \n                      <li>wdra\u017canie strategii sourcingowych<\/li>\n                      \n                    <\/ul>\n                    \n\n                    \n                    <p><strong>\u201eZwi\u0119kszamy efektywno\u015b\u0107 i przewidywalno\u015b\u0107 Twojego \u0142a\u0144cucha dostaw.\u201d<\/strong><\/p>\n                    \n\n                    \n                    <hr class=\"wp-block-separator has-alpha-channel-opacity\">\n                    \n\n                    \n                    <h3 class=\"wp-block-heading\">2. <strong>Weryfikacja cen i koszt\u00f3w<\/strong><\/h3>\n                    \n\n                    \n                    <p><\/p>\n                    \n\n                    \n                    <ul class=\"wp-block-list\">\n                      \n                      <li>analiza koszt\u00f3w produkcji detali (cost breakdown)<\/li>\n                      \n\n                      \n                      <li>benchmarking cenowy dostawc\u00f3w<\/li>\n                      \n\n                      \n                      <li>identyfikacja ukrytych koszt\u00f3w<\/li>\n                      \n\n                      \n                      <li>negocjacje zakupowe<\/li>\n                      \n                    <\/ul>\n                    \n\n                    \n                    <p><strong>\u201ePomagamy kupowa\u0107 taniej \u2014 bez utraty jako\u015bci.\u201d<\/strong><\/p>\n                    \n\n                    \n                    <hr class=\"wp-block-separator has-alpha-channel-opacity\">\n                    \n\n                    \n                    <h3 class=\"wp-block-heading\">3. <strong>Doradztwo produkcyjne i optymalizacja<\/strong><\/h3>\n                    \n\n                    \n                    <p><\/p>\n                    \n\n                    \n                    <ul class=\"wp-block-list\">\n                      \n                      <li>analiza proces\u00f3w produkcyjnych<\/li>\n                      \n\n                      \n                      <li>redukcja strat (Lean Manufacturing)<\/li>\n                      \n\n                      \n                      <li>zwi\u0119kszanie wydajno\u015bci maszyn (OEE)<\/li>\n                      \n\n                      \n                      <li>reorganizacja przep\u0142ywu produkcji<\/li>\n                      \n                    <\/ul>\n                    \n\n                    \n                    <p><strong>\u201eZmieniamy produkcj\u0119 w sprawnie dzia\u0142aj\u0105cy system.\u201d<\/strong><\/p>\n                    \n\n                    \n                    <hr class=\"wp-block-separator has-alpha-channel-opacity\">\n                    \n\n                    \n                    <h3 class=\"wp-block-heading\">4. <strong>W\u0105skie gard\u0142a i usprawnienia<\/strong><\/h3>\n                    \n\n                    \n                    <p><\/p>\n                    \n\n                    \n                    <ul class=\"wp-block-list\">\n                      \n                      <li>mapowanie proces\u00f3w (VSM)<\/li>\n                      \n\n                      \n                      <li>analiza przestoj\u00f3w<\/li>\n                      \n\n                      \n                      <li>wdra\u017canie usprawnie\u0144 operacyjnych<\/li>\n                      \n\n                      \n                      <li>szybkie dzia\u0142ania naprawcze<\/li>\n                      \n                    <\/ul>\n                    \n\n                    \n                    <p><strong>\u201eZnajdujemy to, co blokuje rozw\u00f3j \u2013 i eliminujemy problem.\u201d<\/strong><\/p>\n                    \n\n                    \n                    <hr class=\"wp-block-separator has-alpha-channel-opacity\">\n                    \n\n                    \n                    <h3 class=\"wp-block-heading\">5. <strong>Audyt dostawc\u00f3w<\/strong><\/h3>\n                    \n\n                    \n                    <p><\/p>\n                    \n\n                    \n                    <ul class=\"wp-block-list\">\n                      \n                      <li>audyty jako\u015bciowe i procesowe<\/li>\n                      \n\n                      \n                      <li>ocena zdolno\u015bci produkcyjnych<\/li>\n                      \n\n                      \n                      <li>analiza ryzyka wsp\u00f3\u0142pracy<\/li>\n                      \n\n                      \n                      <li>raporty i rekomendacje<\/li>\n                      \n                    <\/ul>\n                    \n\n                    \n                    <p><strong>\u201eSprawdzamy dostawc\u00f3w zanim stan\u0105 si\u0119 problemem.\u201d<\/strong><\/p>\n                    \n\n                    \n                    <hr class=\"wp-block-separator has-alpha-channel-opacity\">\n                    \n\n                    \n                    <h3 class=\"wp-block-heading\">6. <strong>Wyszukiwanie dostawc\u00f3w<\/strong><\/h3>\n                    \n\n                    \n                    <p><\/p>\n                    \n\n                    \n                    <ul class=\"wp-block-list\">\n                      \n                      <li>sourcing krajowy i zagraniczny<\/li>\n                      \n\n                      \n                      <li>kwalifikacja i selekcja dostawc\u00f3w<\/li>\n                      \n\n                      \n                      <li>organizacja zapyta\u0144 ofertowych (RFQ)<\/li>\n                      \n\n                      \n                      <li>wsparcie wdro\u017cenia wsp\u00f3\u0142pracy<\/li>\n                      \n                    <\/ul>\n                    \n\n                    \n                    <p><strong>\u201eZnajdujemy sprawdzonych partner\u00f3w dla Twojego biznesu.\u201d<\/strong><\/p>\n                    \n\n                    \n                    <hr class=\"wp-block-separator has-alpha-channel-opacity\">\n                    \n\n                    \n                    <h3 class=\"wp-block-heading\">7. <strong>Badania rynku i rozw\u00f3j biznesu<\/strong><\/h3>\n                    \n\n                    \n                    <p><\/p>\n                    \n\n                    \n                    <ul class=\"wp-block-list\">\n                      \n                      <li>analiza konkurencji<\/li>\n                      \n\n                      \n                      <li>identyfikacja nowych rynk\u00f3w<\/li>\n                      \n\n                      \n                      <li>wyszukiwanie partner\u00f3w handlowych<\/li>\n                      \n\n                      \n                      <li>wsparcie ekspansji<\/li>\n                      \n                    <\/ul>\n                    \n\n                    \n                    <p><strong>\u201eOtwieramy nowe mo\u017cliwo\u015bci rozwoju.\u201d<\/strong><\/p>\n                    \n\n                    \n                    <figure class=\"wp-block-video\">\n                      <video height=\"480\" style=\"aspect-ratio: 854 \/ 480;\" width=\"854\" controls=\"\" src=\"https:\/\/wamitec.com\/wp-content\/uploads\/2026\/04\/video-from-rawpixel-id-17724685-sd.mp4\"><\/video>\n                    <\/figure>\n                    \n                  <\/div>\n                <\/div>\n              <\/div>\n            <\/div>\n          <\/div>\n        <\/div>\n      <\/div>\n      <div data-colibri-id=\"159-c7\" class=\"h-row-container gutters-row-lg-2 gutters-row-md-2 gutters-row-0 gutters-row-v-lg-2 gutters-row-v-md-2 gutters-row-v-2 style-419 style-local-159-c7 position-relative\">\n        <!---->\n        <div class=\"h-row justify-content-lg-center justify-content-md-center justify-content-center align-items-lg-stretch align-items-md-stretch align-items-stretch gutters-col-lg-2 gutters-col-md-2 gutters-col-0 gutters-col-v-lg-2 gutters-col-v-md-2 gutters-col-v-2\">\n          <!---->\n          <div class=\"h-column h-column-container d-flex h-col-lg-auto h-col-md-auto h-col-auto style-420-outer style-local-159-c8-outer\">\n            <div data-colibri-id=\"159-c8\" class=\"d-flex h-flex-basis h-column__inner h-ui-empty-state-container h-px-lg-2 h-px-md-2 h-px-2 v-inner-lg-2 v-inner-md-2 v-inner-2 style-420 style-local-159-c8 position-relative\">\n              <!---->\n              <!---->\n              <div class=\"w-100 h-y-container h-column__content h-column__v-align flex-basis-100\">\n                <!---->\n              <\/div>\n            <\/div>\n          <\/div>\n        <\/div>\n      <\/div>\n    <\/div>\n  <\/div>\n<\/div>","protected":false},"excerpt":{"rendered":"<p>1. Zarz\u0105dzanie \u0142a\u0144cuchem dostaw (Supply Chain) \u201eZwi\u0119kszamy efektywno\u015b\u0107 i przewidywalno\u015b\u0107 Twojego \u0142a\u0144cucha dostaw.\u201d [&hellip;]<\/p>\n","protected":false},"author":1,"featured_media":0,"parent":0,"menu_order":0,"comment_status":"closed","ping_status":"closed","template":"page-templates\/homepage.php","meta":{"footnotes":""},"class_list":["post-159","page","type-page","status-publish","hentry"],"_links":{"self":[{"href":"https:\/\/wamitec.com\/index.php?rest_route=\/wp\/v2\/pages\/159","targetHints":{"allow":["GET"]}}],"collection":[{"href":"https:\/\/wamitec.com\/index.php?rest_route=\/wp\/v2\/pages"}],"about":[{"href":"https:\/\/wamitec.com\/index.php?rest_route=\/wp\/v2\/types\/page"}],"author":[{"embeddable":true,"href":"https:\/\/wamitec.com\/index.php?rest_route=\/wp\/v2\/users\/1"}],"replies":[{"embeddable":true,"href":"https:\/\/wamitec.com\/index.php?rest_route=%2Fwp%2Fv2%2Fcomments&post=159"}],"version-history":[{"count":3,"href":"https:\/\/wamitec.com\/index.php?rest_route=\/wp\/v2\/pages\/159\/revisions"}],"predecessor-version":[{"id":203,"href":"https:\/\/wamitec.com\/index.php?rest_route=\/wp\/v2\/pages\/159\/revisions\/203"}],"wp:attachment":[{"href":"https:\/\/wamitec.com\/index.php?rest_route=%2Fwp%2Fv2%2Fmedia&parent=159"}],"curies":[{"name":"wp","href":"https:\/\/api.w.org\/{rel}","templated":true}]}}